{"id":368,"date":"2024-08-20T08:01:22","date_gmt":"2024-08-20T08:01:22","guid":{"rendered":"https:\/\/esin-entwurf.wisto.cc\/?page_id=368"},"modified":"2025-12-18T09:41:23","modified_gmt":"2025-12-18T09:41:23","slug":"kontakt-2","status":"publish","type":"page","link":"https:\/\/esin.at\/?page_id=368","title":{"rendered":"Kontakt"},"content":{"rendered":"\t\t<div data-elementor-type=\"wp-page\" data-elementor-id=\"368\" class=\"elementor elementor-368\" data-elementor-post-type=\"page\">\n\t\t\t\t\t\t<section class=\"elementor-section elementor-top-section elementor-element elementor-element-9b75b7e elementor-section-height-min-height elementor-section-boxed elementor-section-height-default elementor-section-items-middle\" data-id=\"9b75b7e\" data-element_type=\"section\" data-e-type=\"section\" data-settings=\"{&quot;background_background&quot;:&quot;classic&quot;}\">\n\t\t\t\t\t\t\t<div class=\"elementor-background-overlay\"><\/div>\n\t\t\t\t\t\t\t<div class=\"elementor-container elementor-column-gap-default\">\n\t\t\t\t\t<div class=\"elementor-column elementor-col-100 elementor-top-column elementor-element elementor-element-383fb51\" data-id=\"383fb51\" data-element_type=\"column\" data-e-type=\"column\">\n\t\t\t<div class=\"elementor-widget-wrap elementor-element-populated\">\n\t\t\t\t\t\t<div class=\"elementor-element elementor-element-93737fc elementor-widget elementor-widget-heading\" data-id=\"93737fc\" data-element_type=\"widget\" data-e-type=\"widget\" data-widget_type=\"heading.default\">\n\t\t\t\t<div class=\"elementor-widget-container\">\n\t\t\t\t\t<h2 class=\"elementor-heading-title elementor-size-default\">\u201eWir sind f\u00fcr Sie da\u201c\n<\/h2>\t\t\t\t<\/div>\n\t\t\t\t<\/div>\n\t\t\t\t\t<\/div>\n\t\t<\/div>\n\t\t\t\t\t<\/div>\n\t\t<\/section>\n\t\t\t\t<section class=\"elementor-section elementor-top-section elementor-element elementor-element-6ed3bd1 elementor-section-boxed elementor-section-height-default elementor-section-height-default\" data-id=\"6ed3bd1\" data-element_type=\"section\" data-e-type=\"section\" data-settings=\"{&quot;background_background&quot;:&quot;classic&quot;}\">\n\t\t\t\t\t\t<div class=\"elementor-container elementor-column-gap-default\">\n\t\t\t\t\t<div class=\"elementor-column elementor-col-50 elementor-top-column elementor-element elementor-element-d0e74d8\" data-id=\"d0e74d8\" data-element_type=\"column\" data-e-type=\"column\">\n\t\t\t<div class=\"elementor-widget-wrap elementor-element-populated\">\n\t\t\t\t\t\t<div class=\"elementor-element elementor-element-d66adc8 elementor-widget elementor-widget-heading\" data-id=\"d66adc8\" data-element_type=\"widget\" data-e-type=\"widget\" data-widget_type=\"heading.default\">\n\t\t\t\t<div class=\"elementor-widget-container\">\n\t\t\t\t\t<h2 class=\"elementor-heading-title elementor-size-default\">ESIN Ges.m.b.H.<\/h2>\t\t\t\t<\/div>\n\t\t\t\t<\/div>\n\t\t\t\t<div class=\"elementor-element elementor-element-4ffa7da elementor-widget elementor-widget-text-editor\" data-id=\"4ffa7da\" data-element_type=\"widget\" data-e-type=\"widget\" data-widget_type=\"text-editor.default\">\n\t\t\t\t<div class=\"elementor-widget-container\">\n\t\t\t\t\t\t\t\t\t<p style=\"margin: 0cm;\">Neue-Heimat-Stra\u00dfe 1a<\/p><p style=\"margin: 0cm;\">5082 Gr\u00f6dig | AUSTRIA<br \/>T: <a href=\"tel:+43 6246 73846\">+43 6246 73846<\/a> <br \/>E-Mail: <a href=\"mailto:office@esin.at\">office@esin.at<\/a><\/p>\t\t\t\t\t\t\t\t<\/div>\n\t\t\t\t<\/div>\n\t\t\t\t<div class=\"elementor-element elementor-element-b05640d elementor-mobile-align-left elementor-widget elementor-widget-button\" data-id=\"b05640d\" data-element_type=\"widget\" data-e-type=\"widget\" data-widget_type=\"button.default\">\n\t\t\t\t<div class=\"elementor-widget-container\">\n\t\t\t\t\t\t\t\t\t<div class=\"elementor-button-wrapper\">\n\t\t\t\t\t<a class=\"elementor-button elementor-button-link elementor-size-sm\" href=\"https:\/\/www.google.com\/maps\/place\/Esin+Estrich+u+Industriebodenbau+GesmbH\/@47.7383676,12.4312865,10z\/data=!4m10!1m2!2m1!1sESIN+Gr%C3%B6dig!3m6!1s0x477691615d8d1943:0xbbece8adb6b45cc!8m2!3d47.7383676!4d13.0410277!15sCgxFU0lOIEdyw7ZkaWeSARNmbG9vcmluZ19jb250cmFjdG9y4AEA!16s%2Fg%2F1vl9q9md?entry=ttu\" target=\"_blank\">\n\t\t\t\t\t\t<span class=\"elementor-button-content-wrapper\">\n\t\t\t\t\t\t\t\t\t<span class=\"elementor-button-text\">\u00bb zum Routenplaner<\/span>\n\t\t\t\t\t<\/span>\n\t\t\t\t\t<\/a>\n\t\t\t\t<\/div>\n\t\t\t\t\t\t\t\t<\/div>\n\t\t\t\t<\/div>\n\t\t\t\t\t<\/div>\n\t\t<\/div>\n\t\t\t\t<div class=\"elementor-column elementor-col-50 elementor-top-column elementor-element elementor-element-a6b7427\" data-id=\"a6b7427\" data-element_type=\"column\" data-e-type=\"column\">\n\t\t\t<div class=\"elementor-widget-wrap elementor-element-populated\">\n\t\t\t\t\t\t<div class=\"elementor-element elementor-element-ebe0940 elementor-widget elementor-widget-image\" data-id=\"ebe0940\" data-element_type=\"widget\" data-e-type=\"widget\" data-widget_type=\"image.default\">\n\t\t\t\t<div class=\"elementor-widget-container\">\n\t\t\t\t\t\t\t\t\t\t\t\t\t\t\t<img fetchpriority=\"high\" decoding=\"async\" width=\"800\" height=\"666\" src=\"https:\/\/esin.at\/wp-content\/uploads\/2024\/09\/karte-salzburg-1024x853.png\" class=\"attachment-large size-large wp-image-729\" alt=\"\" srcset=\"https:\/\/esin.at\/wp-content\/uploads\/2024\/09\/karte-salzburg-1024x853.png 1024w, https:\/\/esin.at\/wp-content\/uploads\/2024\/09\/karte-salzburg-300x250.png 300w, https:\/\/esin.at\/wp-content\/uploads\/2024\/09\/karte-salzburg-768x640.png 768w, https:\/\/esin.at\/wp-content\/uploads\/2024\/09\/karte-salzburg.png 1200w\" sizes=\"(max-width: 800px) 100vw, 800px\" \/>\t\t\t\t\t\t\t\t\t\t\t\t\t\t\t<\/div>\n\t\t\t\t<\/div>\n\t\t\t\t\t<\/div>\n\t\t<\/div>\n\t\t\t\t\t<\/div>\n\t\t<\/section>\n\t\t\t\t<section class=\"elementor-section elementor-top-section elementor-element elementor-element-8d97e8f elementor-section-boxed elementor-section-height-default elementor-section-height-default\" data-id=\"8d97e8f\" data-element_type=\"section\" data-e-type=\"section\" data-settings=\"{&quot;background_background&quot;:&quot;classic&quot;}\">\n\t\t\t\t\t\t<div class=\"elementor-container elementor-column-gap-default\">\n\t\t\t\t\t<div class=\"elementor-column elementor-col-100 elementor-top-column elementor-element elementor-element-895fef3\" data-id=\"895fef3\" data-element_type=\"column\" data-e-type=\"column\">\n\t\t\t<div class=\"elementor-widget-wrap elementor-element-populated\">\n\t\t\t\t\t\t<div class=\"elementor-element elementor-element-79b1add elementor-widget elementor-widget-heading\" data-id=\"79b1add\" data-element_type=\"widget\" data-e-type=\"widget\" data-widget_type=\"heading.default\">\n\t\t\t\t<div class=\"elementor-widget-container\">\n\t\t\t\t\t<h2 class=\"elementor-heading-title elementor-size-default\">Ansprechpartner - ESIN Ges.m.b.H.<\/h2>\t\t\t\t<\/div>\n\t\t\t\t<\/div>\n\t\t\t\t\t<\/div>\n\t\t<\/div>\n\t\t\t\t\t<\/div>\n\t\t<\/section>\n\t\t\t\t<section class=\"elementor-section elementor-top-section elementor-element elementor-element-49cfcf2 elementor-section-boxed elementor-section-height-default elementor-section-height-default\" data-id=\"49cfcf2\" data-element_type=\"section\" data-e-type=\"section\" data-settings=\"{&quot;background_background&quot;:&quot;classic&quot;}\">\n\t\t\t\t\t\t<div class=\"elementor-container elementor-column-gap-default\">\n\t\t\t\t\t<div class=\"elementor-column elementor-col-100 elementor-top-column elementor-element elementor-element-bf4bf56\" data-id=\"bf4bf56\" data-element_type=\"column\" data-e-type=\"column\">\n\t\t\t<div class=\"elementor-widget-wrap elementor-element-populated\">\n\t\t\t\t\t\t<section class=\"elementor-section elementor-inner-section elementor-element elementor-element-af30470 elementor-section-boxed elementor-section-height-default elementor-section-height-default\" data-id=\"af30470\" data-element_type=\"section\" data-e-type=\"section\" data-settings=\"{&quot;background_background&quot;:&quot;classic&quot;}\">\n\t\t\t\t\t\t<div class=\"elementor-container elementor-column-gap-default\">\n\t\t\t\t\t<div class=\"elementor-column elementor-col-33 elementor-inner-column elementor-element elementor-element-52a5963\" data-id=\"52a5963\" data-element_type=\"column\" data-e-type=\"column\">\n\t\t\t<div class=\"elementor-widget-wrap elementor-element-populated\">\n\t\t\t\t\t\t<div class=\"elementor-element elementor-element-3ea4c24 elementor-widget elementor-widget-image\" data-id=\"3ea4c24\" data-element_type=\"widget\" data-e-type=\"widget\" data-widget_type=\"image.default\">\n\t\t\t\t<div class=\"elementor-widget-container\">\n\t\t\t\t\t\t\t\t\t\t\t\t\t\t\t<img decoding=\"async\" width=\"400\" height=\"400\" src=\"https:\/\/esin.at\/wp-content\/uploads\/2024\/09\/ManfredReicher-esin-people.jpg\" class=\"attachment-large size-large wp-image-731\" alt=\"\" srcset=\"https:\/\/esin.at\/wp-content\/uploads\/2024\/09\/ManfredReicher-esin-people.jpg 400w, https:\/\/esin.at\/wp-content\/uploads\/2024\/09\/ManfredReicher-esin-people-300x300.jpg 300w, https:\/\/esin.at\/wp-content\/uploads\/2024\/09\/ManfredReicher-esin-people-150x150.jpg 150w\" sizes=\"(max-width: 400px) 100vw, 400px\" \/>\t\t\t\t\t\t\t\t\t\t\t\t\t\t\t<\/div>\n\t\t\t\t<\/div>\n\t\t\t\t<div class=\"elementor-element elementor-element-4c5a2eb elementor-widget elementor-widget-text-editor\" data-id=\"4c5a2eb\" data-element_type=\"widget\" data-e-type=\"widget\" data-widget_type=\"text-editor.default\">\n\t\t\t\t<div class=\"elementor-widget-container\">\n\t\t\t\t\t\t\t\t\t<p><strong>Manfred Reicher<\/strong><br \/>GESCH\u00c4FTSF\u00dcHRER<br \/><a href=\"tel:+43 664 1048360\"><span style=\"color: #000000;\">T: +43 664 1048360<\/span><\/a><\/p>\t\t\t\t\t\t\t\t<\/div>\n\t\t\t\t<\/div>\n\t\t\t\t\t<\/div>\n\t\t<\/div>\n\t\t\t\t<div class=\"elementor-column elementor-col-33 elementor-inner-column elementor-element elementor-element-6dadf81\" data-id=\"6dadf81\" data-element_type=\"column\" data-e-type=\"column\">\n\t\t\t<div class=\"elementor-widget-wrap elementor-element-populated\">\n\t\t\t\t\t\t<div class=\"elementor-element elementor-element-8c90db6 elementor-widget elementor-widget-image\" data-id=\"8c90db6\" data-element_type=\"widget\" data-e-type=\"widget\" data-widget_type=\"image.default\">\n\t\t\t\t<div class=\"elementor-widget-container\">\n\t\t\t\t\t\t\t\t\t\t\t\t\t\t\t<img decoding=\"async\" width=\"400\" height=\"400\" src=\"https:\/\/esin.at\/wp-content\/uploads\/2024\/09\/HerbertBodenwinkler-esin-people.jpg\" class=\"attachment-large size-large wp-image-728\" alt=\"\" srcset=\"https:\/\/esin.at\/wp-content\/uploads\/2024\/09\/HerbertBodenwinkler-esin-people.jpg 400w, https:\/\/esin.at\/wp-content\/uploads\/2024\/09\/HerbertBodenwinkler-esin-people-300x300.jpg 300w, https:\/\/esin.at\/wp-content\/uploads\/2024\/09\/HerbertBodenwinkler-esin-people-150x150.jpg 150w\" sizes=\"(max-width: 400px) 100vw, 400px\" \/>\t\t\t\t\t\t\t\t\t\t\t\t\t\t\t<\/div>\n\t\t\t\t<\/div>\n\t\t\t\t<div class=\"elementor-element elementor-element-0ad4ff7 elementor-widget elementor-widget-text-editor\" data-id=\"0ad4ff7\" data-element_type=\"widget\" data-e-type=\"widget\" data-widget_type=\"text-editor.default\">\n\t\t\t\t<div class=\"elementor-widget-container\">\n\t\t\t\t\t\t\t\t\t<p><strong>Herbert Bodenwinkler<\/strong><br \/>BAULEITER<br \/><a href=\"tel:+43 676 7202023\"><span style=\"color: #000000;\">T: +43 676 7202023<\/span><\/a><\/p>\t\t\t\t\t\t\t\t<\/div>\n\t\t\t\t<\/div>\n\t\t\t\t\t<\/div>\n\t\t<\/div>\n\t\t\t\t<div class=\"elementor-column elementor-col-33 elementor-inner-column elementor-element elementor-element-da6f5d3\" data-id=\"da6f5d3\" data-element_type=\"column\" data-e-type=\"column\">\n\t\t\t<div class=\"elementor-widget-wrap elementor-element-populated\">\n\t\t\t\t\t\t<div class=\"elementor-element elementor-element-9709cdd elementor-widget elementor-widget-image\" data-id=\"9709cdd\" data-element_type=\"widget\" data-e-type=\"widget\" data-widget_type=\"image.default\">\n\t\t\t\t<div class=\"elementor-widget-container\">\n\t\t\t\t\t\t\t\t\t\t\t\t\t\t\t<img loading=\"lazy\" decoding=\"async\" width=\"400\" height=\"400\" src=\"https:\/\/esin.at\/wp-content\/uploads\/2024\/09\/WolfgangGuenther-esin-people.jpg\" class=\"attachment-large size-large wp-image-732\" alt=\"\" srcset=\"https:\/\/esin.at\/wp-content\/uploads\/2024\/09\/WolfgangGuenther-esin-people.jpg 400w, https:\/\/esin.at\/wp-content\/uploads\/2024\/09\/WolfgangGuenther-esin-people-300x300.jpg 300w, https:\/\/esin.at\/wp-content\/uploads\/2024\/09\/WolfgangGuenther-esin-people-150x150.jpg 150w\" sizes=\"(max-width: 400px) 100vw, 400px\" \/>\t\t\t\t\t\t\t\t\t\t\t\t\t\t\t<\/div>\n\t\t\t\t<\/div>\n\t\t\t\t<div class=\"elementor-element elementor-element-1fc725d elementor-widget elementor-widget-text-editor\" data-id=\"1fc725d\" data-element_type=\"widget\" data-e-type=\"widget\" data-widget_type=\"text-editor.default\">\n\t\t\t\t<div class=\"elementor-widget-container\">\n\t\t\t\t\t\t\t\t\t<p><strong>Wolfgang G\u00fcnther<\/strong><br \/>BAULEITER<br \/><a href=\"tel:+43 664 1048362\"><span style=\"color: #1a1a1a;\">T: +43 664 1048362<\/span><\/a><\/p>\t\t\t\t\t\t\t\t<\/div>\n\t\t\t\t<\/div>\n\t\t\t\t\t<\/div>\n\t\t<\/div>\n\t\t\t\t\t<\/div>\n\t\t<\/section>\n\t\t\t\t\t<\/div>\n\t\t<\/div>\n\t\t\t\t\t<\/div>\n\t\t<\/section>\n\t\t\t\t<section class=\"elementor-section elementor-top-section elementor-element elementor-element-1a43938 elementor-section-height-min-height elementor-section-boxed elementor-section-height-default elementor-section-items-middle\" data-id=\"1a43938\" data-element_type=\"section\" data-e-type=\"section\" data-settings=\"{&quot;background_background&quot;:&quot;classic&quot;}\">\n\t\t\t\t\t\t<div class=\"elementor-container elementor-column-gap-default\">\n\t\t\t\t\t<div class=\"elementor-column elementor-col-100 elementor-top-column elementor-element elementor-element-670c97a\" data-id=\"670c97a\" data-element_type=\"column\" data-e-type=\"column\">\n\t\t\t<div class=\"elementor-widget-wrap\">\n\t\t\t\t\t\t\t<\/div>\n\t\t<\/div>\n\t\t\t\t\t<\/div>\n\t\t<\/section>\n\t\t\t\t<section class=\"elementor-section elementor-top-section elementor-element elementor-element-0386cbd elementor-section-boxed elementor-section-height-default elementor-section-height-default\" data-id=\"0386cbd\" data-element_type=\"section\" data-e-type=\"section\" data-settings=\"{&quot;background_background&quot;:&quot;classic&quot;}\">\n\t\t\t\t\t\t<div class=\"elementor-container elementor-column-gap-default\">\n\t\t\t\t\t<div class=\"elementor-column elementor-col-50 elementor-top-column elementor-element elementor-element-805feb7\" data-id=\"805feb7\" data-element_type=\"column\" data-e-type=\"column\">\n\t\t\t<div class=\"elementor-widget-wrap elementor-element-populated\">\n\t\t\t\t\t\t<div class=\"elementor-element elementor-element-8f90cf7 elementor-widget elementor-widget-heading\" data-id=\"8f90cf7\" data-element_type=\"widget\" data-e-type=\"widget\" data-widget_type=\"heading.default\">\n\t\t\t\t<div class=\"elementor-widget-container\">\n\t\t\t\t\t<h2 class=\"elementor-heading-title elementor-size-default\">ESIN Steiermark Ges.m.b.H.<\/h2>\t\t\t\t<\/div>\n\t\t\t\t<\/div>\n\t\t\t\t<div class=\"elementor-element elementor-element-4c82feb elementor-widget elementor-widget-text-editor\" data-id=\"4c82feb\" data-element_type=\"widget\" data-e-type=\"widget\" data-widget_type=\"text-editor.default\">\n\t\t\t\t<div class=\"elementor-widget-container\">\n\t\t\t\t\t\t\t\t\t<p style=\"margin: 0cm;\">Tipschern 19\u00a0<\/p><p style=\"margin: 0cm;\">8954 Mitterberg St. Martin | AUSTRIA<br \/>T: <a href=\"tel:+43 3684 30555\">+43 3684 30555<\/a> <br \/>E-Mail: <a href=\"mailto:steiermark@esin.at\">steiermark@esin.at<\/a><\/p>\t\t\t\t\t\t\t\t<\/div>\n\t\t\t\t<\/div>\n\t\t\t\t<div class=\"elementor-element elementor-element-68d6272 elementor-mobile-align-left elementor-widget elementor-widget-button\" data-id=\"68d6272\" data-element_type=\"widget\" data-e-type=\"widget\" data-widget_type=\"button.default\">\n\t\t\t\t<div class=\"elementor-widget-container\">\n\t\t\t\t\t\t\t\t\t<div class=\"elementor-button-wrapper\">\n\t\t\t\t\t<a class=\"elementor-button elementor-button-link elementor-size-sm\" href=\"https:\/\/www.google.com\/maps\/place\/ESIN+Steiermark+Estrich-+und+Industriebodenbau+GmbH\/@47.4789385,13.9621762,17z\/data=!3m1!4b1!4m6!3m5!1s0x477115c8aff6e7e5:0x32356a61d9574592!8m2!3d47.4789385!4d13.9621762!16s%2Fg%2F1tnsqr97?entry=ttu\" target=\"_blank\">\n\t\t\t\t\t\t<span class=\"elementor-button-content-wrapper\">\n\t\t\t\t\t\t\t\t\t<span class=\"elementor-button-text\">\u00bb zum Routenplaner<\/span>\n\t\t\t\t\t<\/span>\n\t\t\t\t\t<\/a>\n\t\t\t\t<\/div>\n\t\t\t\t\t\t\t\t<\/div>\n\t\t\t\t<\/div>\n\t\t\t\t\t<\/div>\n\t\t<\/div>\n\t\t\t\t<div class=\"elementor-column elementor-col-50 elementor-top-column elementor-element elementor-element-bd2661b\" data-id=\"bd2661b\" data-element_type=\"column\" data-e-type=\"column\">\n\t\t\t<div class=\"elementor-widget-wrap elementor-element-populated\">\n\t\t\t\t\t\t<div class=\"elementor-element elementor-element-28d7e92 elementor-widget elementor-widget-image\" data-id=\"28d7e92\" data-element_type=\"widget\" data-e-type=\"widget\" data-widget_type=\"image.default\">\n\t\t\t\t<div class=\"elementor-widget-container\">\n\t\t\t\t\t\t\t\t\t\t\t\t\t\t\t\t<a href=\"https:\/\/www.google.com\/maps\/place\/Esin+Estrich+u+Industriebodenbau+GesmbH\/@47.7383676,12.4312865,10z\/data=!4m10!1m2!2m1!1sESIN+Gr%C3%B6dig!3m6!1s0x477691615d8d1943:0xbbece8adb6b45cc!8m2!3d47.7383676!4d13.0410277!15sCgxFU0lOIEdyw7ZkaWeSARNmbG9vcmluZ19jb250cmFjdG9y4AEA!16s%2Fg%2F1vl9q9md?entry=ttu\">\n\t\t\t\t\t\t\t<img loading=\"lazy\" decoding=\"async\" width=\"800\" height=\"666\" src=\"https:\/\/esin.at\/wp-content\/uploads\/2024\/09\/karte-steiermark-1024x853.png\" class=\"attachment-large size-large wp-image-730\" alt=\"\" srcset=\"https:\/\/esin.at\/wp-content\/uploads\/2024\/09\/karte-steiermark-1024x853.png 1024w, https:\/\/esin.at\/wp-content\/uploads\/2024\/09\/karte-steiermark-300x250.png 300w, https:\/\/esin.at\/wp-content\/uploads\/2024\/09\/karte-steiermark-768x640.png 768w, https:\/\/esin.at\/wp-content\/uploads\/2024\/09\/karte-steiermark.png 1200w\" sizes=\"(max-width: 800px) 100vw, 800px\" \/>\t\t\t\t\t\t\t\t<\/a>\n\t\t\t\t\t\t\t\t\t\t\t\t\t\t\t<\/div>\n\t\t\t\t<\/div>\n\t\t\t\t\t<\/div>\n\t\t<\/div>\n\t\t\t\t\t<\/div>\n\t\t<\/section>\n\t\t\t\t<section class=\"elementor-section elementor-top-section elementor-element elementor-element-b58b201 elementor-section-boxed elementor-section-height-default elementor-section-height-default\" data-id=\"b58b201\" data-element_type=\"section\" data-e-type=\"section\" data-settings=\"{&quot;background_background&quot;:&quot;classic&quot;}\">\n\t\t\t\t\t\t<div class=\"elementor-container elementor-column-gap-default\">\n\t\t\t\t\t<div class=\"elementor-column elementor-col-100 elementor-top-column elementor-element elementor-element-e76e9b6\" data-id=\"e76e9b6\" data-element_type=\"column\" data-e-type=\"column\">\n\t\t\t<div class=\"elementor-widget-wrap elementor-element-populated\">\n\t\t\t\t\t\t<div class=\"elementor-element elementor-element-e1914ad elementor-widget elementor-widget-heading\" data-id=\"e1914ad\" data-element_type=\"widget\" data-e-type=\"widget\" data-widget_type=\"heading.default\">\n\t\t\t\t<div class=\"elementor-widget-container\">\n\t\t\t\t\t<h2 class=\"elementor-heading-title elementor-size-default\">Ansprechpartner - ESIN Steiermark Ges.m.b.H.<\/h2>\t\t\t\t<\/div>\n\t\t\t\t<\/div>\n\t\t\t\t\t<\/div>\n\t\t<\/div>\n\t\t\t\t\t<\/div>\n\t\t<\/section>\n\t\t\t\t<section class=\"elementor-section elementor-top-section elementor-element elementor-element-4369aa0 elementor-section-boxed elementor-section-height-default elementor-section-height-default\" data-id=\"4369aa0\" data-element_type=\"section\" data-e-type=\"section\" data-settings=\"{&quot;background_background&quot;:&quot;classic&quot;}\">\n\t\t\t\t\t\t<div class=\"elementor-container elementor-column-gap-default\">\n\t\t\t\t\t<div class=\"elementor-column elementor-col-100 elementor-top-column elementor-element elementor-element-8ca734f\" data-id=\"8ca734f\" data-element_type=\"column\" data-e-type=\"column\">\n\t\t\t<div class=\"elementor-widget-wrap elementor-element-populated\">\n\t\t\t\t\t\t<section class=\"elementor-section elementor-inner-section elementor-element elementor-element-f5549e9 elementor-section-boxed elementor-section-height-default elementor-section-height-default\" data-id=\"f5549e9\" data-element_type=\"section\" data-e-type=\"section\" data-settings=\"{&quot;background_background&quot;:&quot;classic&quot;}\">\n\t\t\t\t\t\t<div class=\"elementor-container elementor-column-gap-default\">\n\t\t\t\t\t<div class=\"elementor-column elementor-col-33 elementor-inner-column elementor-element elementor-element-69a92ee elementor-hidden-mobile\" data-id=\"69a92ee\" data-element_type=\"column\" data-e-type=\"column\">\n\t\t\t<div class=\"elementor-widget-wrap\">\n\t\t\t\t\t\t\t<\/div>\n\t\t<\/div>\n\t\t\t\t<div class=\"elementor-column elementor-col-33 elementor-inner-column elementor-element elementor-element-87cf670\" data-id=\"87cf670\" data-element_type=\"column\" data-e-type=\"column\">\n\t\t\t<div class=\"elementor-widget-wrap elementor-element-populated\">\n\t\t\t\t\t\t<div class=\"elementor-element elementor-element-3c4fc43 elementor-widget elementor-widget-image\" data-id=\"3c4fc43\" data-element_type=\"widget\" data-e-type=\"widget\" data-widget_type=\"image.default\">\n\t\t\t\t<div class=\"elementor-widget-container\">\n\t\t\t\t\t\t\t\t\t\t\t\t\t\t\t<img loading=\"lazy\" decoding=\"async\" width=\"400\" height=\"400\" src=\"https:\/\/esin.at\/wp-content\/uploads\/2024\/08\/bild-esin-people.jpg\" class=\"attachment-large size-large wp-image-133\" alt=\"\" srcset=\"https:\/\/esin.at\/wp-content\/uploads\/2024\/08\/bild-esin-people.jpg 400w, https:\/\/esin.at\/wp-content\/uploads\/2024\/08\/bild-esin-people-300x300.jpg 300w, https:\/\/esin.at\/wp-content\/uploads\/2024\/08\/bild-esin-people-150x150.jpg 150w\" sizes=\"(max-width: 400px) 100vw, 400px\" \/>\t\t\t\t\t\t\t\t\t\t\t\t\t\t\t<\/div>\n\t\t\t\t<\/div>\n\t\t\t\t<div class=\"elementor-element elementor-element-35c9759 elementor-widget elementor-widget-text-editor\" data-id=\"35c9759\" data-element_type=\"widget\" data-e-type=\"widget\" data-widget_type=\"text-editor.default\">\n\t\t\t\t<div class=\"elementor-widget-container\">\n\t\t\t\t\t\t\t\t\t<p><strong>Thomas Holzinger<\/strong><br \/>GESCH\u00c4FTSF\u00dcHRER<br \/><span style=\"color: #1a1a1a;\"><a style=\"color: #1a1a1a;\" href=\"tel:+43 664 3240089\">T: +43 664 3240089<\/a><\/span><\/p>\t\t\t\t\t\t\t\t<\/div>\n\t\t\t\t<\/div>\n\t\t\t\t\t<\/div>\n\t\t<\/div>\n\t\t\t\t<div class=\"elementor-column elementor-col-33 elementor-inner-column elementor-element elementor-element-557bafe elementor-hidden-mobile\" data-id=\"557bafe\" data-element_type=\"column\" data-e-type=\"column\">\n\t\t\t<div class=\"elementor-widget-wrap\">\n\t\t\t\t\t\t\t<\/div>\n\t\t<\/div>\n\t\t\t\t\t<\/div>\n\t\t<\/section>\n\t\t\t\t\t<\/div>\n\t\t<\/div>\n\t\t\t\t\t<\/div>\n\t\t<\/section>\n\t\t\t\t<\/div>\n\t\t","protected":false},"excerpt":{"rendered":"<p>\u201eWir sind f\u00fcr Sie da\u201c ESIN Ges.m.b.H. Neue-Heimat-Stra\u00dfe 1a 5082 Gr\u00f6dig | AUSTRIAT: +43 6246 73846 E-Mail: office@esin.at \u00bb zum Routenplaner Ansprechpartner &#8211; ESIN Ges.m.b.H. Manfred ReicherGESCH\u00c4FTSF\u00dcHRERT: +43 664 1048360 Herbert BodenwinklerBAULEITERT: +43 676 7202023 Wolfgang G\u00fcntherBAULEITERT: +43 664 1048362 ESIN Steiermark Ges.m.b.H. Tipschern 19\u00a0 8954 Mitterberg St. Martin | AUSTRIAT: +43 3684 30555 E-Mail: [&hellip;]<\/p>\n","protected":false},"author":1,"featured_media":0,"parent":0,"menu_order":0,"comment_status":"closed","ping_status":"closed","template":"","meta":{"footnotes":""},"class_list":["post-368","page","type-page","status-publish","hentry"],"_links":{"self":[{"href":"https:\/\/esin.at\/index.php?rest_route=\/wp\/v2\/pages\/368","targetHints":{"allow":["GET"]}}],"collection":[{"href":"https:\/\/esin.at\/index.php?rest_route=\/wp\/v2\/pages"}],"about":[{"href":"https:\/\/esin.at\/index.php?rest_route=\/wp\/v2\/types\/page"}],"author":[{"embeddable":true,"href":"https:\/\/esin.at\/index.php?rest_route=\/wp\/v2\/users\/1"}],"replies":[{"embeddable":true,"href":"https:\/\/esin.at\/index.php?rest_route=%2Fwp%2Fv2%2Fcomments&post=368"}],"version-history":[{"count":91,"href":"https:\/\/esin.at\/index.php?rest_route=\/wp\/v2\/pages\/368\/revisions"}],"predecessor-version":[{"id":1062,"href":"https:\/\/esin.at\/index.php?rest_route=\/wp\/v2\/pages\/368\/revisions\/1062"}],"wp:attachment":[{"href":"https:\/\/esin.at\/index.php?rest_route=%2Fwp%2Fv2%2Fmedia&parent=368"}],"curies":[{"name":"wp","href":"https:\/\/api.w.org\/{rel}","templated":true}]}}